{"id":643,"date":"2022-11-07T16:21:31","date_gmt":"2022-11-07T16:21:31","guid":{"rendered":"https:\/\/noithattunam.com\/gioi-thieu\/"},"modified":"2022-12-30T06:54:50","modified_gmt":"2022-12-30T06:54:50","slug":"gioi-thieu","status":"publish","type":"page","link":"https:\/\/noithattunam.com\/en\/gioi-thieu\/","title":{"rendered":"Gi\u1edbi thi\u1ec7u"},"content":{"rendered":"<p><span style=\"font-family: arial, helvetica, sans-serif; font-size: 14pt; color: #ff0000;\"><b>TRANG TR\u00cd N\u1ed8I TH\u1ea4T T\u01af NAM<\/b><\/span><\/p>\n<p><strong>N\u1ed9i th\u1ea5t T\u01b0 Nam chuy\u00ean cung c\u1ea5p c\u00e1c m\u1eb7t h\u00e0ng trang tr\u00ed n\u1ed9i th\u1ea5t ph\u1ee5c v\u1ee5 cho gia \u0111\u00ecnh v\u00e0 v\u0103n ph\u00f2ng. \u0110a d\u1ea1ng v\u1edbi nhi\u1ec1u m\u1eabu m\u00e3 m\u1edbi\u00a0 v\u00e0 nhi\u1ec1u ch\u1ea5t li\u1ec7u: g\u1ed7 t\u1ef1 nhi\u00ean, g\u1ed7 c\u00f4ng nghi\u1ec7p, nh\u1ef1a,&#8230; B\u00ean c\u1ea1nh \u0111\u00f3 ch\u00fang t\u00f4i c\u00f2n cung c\u1ea5p c\u00e1c s\u1ea3n ph\u1ea9m \u0111i\u1ec7n m\u00e1y gia d\u1ee5ng:<\/strong><\/p>\n<ul>\n<li>N\u1ed9i th\u1ea5t ph\u00f2ng kh\u00e1ch: Salon g\u1ed7, Sofa n\u1ec7m, T\u1ee7 ly, T\u1ee7 r\u01b0\u1ee3u, V\u00e1ch ng\u0103n, Lam g\u1ed7, \u1ed0p v\u00e1ch\u2026<\/li>\n<li>N\u1ed9i th\u1ea5t ph\u00f2ng ng\u1ee7: Gi\u01b0\u1eddng ng\u1ee7, T\u1ee7 qu\u1ea7n \u00e1o, B\u00e0n trang \u0111i\u1ec3m, Tab \u0111\u1ea7u gi\u01b0\u1eddng, N\u1ec7m\u2026<\/li>\n<li>N\u1ed9i th\u1ea5t nh\u00e0 b\u1ebfp: B\u00e0n gh\u1ebf \u0103n, K\u1ec7 b\u1ebfp, T\u1ee7 b\u1ebfp, Thi c\u00f4ng n\u1ed9i th\u1ea5t b\u1ebfp\u2026<\/li>\n<li>N\u1ed9i th\u1ea5t ph\u00f2ng th\u1edd: T\u1ee7 th\u1edd, Gh\u1ebf th\u1edd, B\u00e0n th\u1edd treo, B\u00e0n \u00d4ng \u0110\u1ecba, c\u00e1c v\u1eadt d\u1ee5ng th\u1edd c\u00fang\u2026<\/li>\n<li>N\u1ed9i th\u1ea5t v\u0103n ph\u00f2ng: B\u00e0n h\u1ecdp, Gh\u1ebf v\u0103n ph\u00f2ng, B\u00e0n l\u00e0m vi\u1ec7c, T\u1ee7 h\u1ed3 s\u01a1, \u2026<\/li>\n<li>\u0110\u1ed3 \u0111i\u1ec7n gia d\u1ee5ng: \u0110i\u1ec7n l\u1ea1nh, Tivi, M\u00e1y gi\u1eb7t, \u0110i\u1ec7n gia d\u1ee5ng,\u2026<\/li>\n<li>N\u1ed9i th\u1ea5t T\u01b0 Nam chuy\u00ean nh\u1eadn thi\u1ebft k\u1ebf c\u00f4ng tr\u00ecnh nh\u00e0 \u1edf, c\u0103n h\u1ed9, c\u1eeda h\u00e0ng, nh\u1eadn \u0111\u1eb7t h\u00e0ng \u0111\u1ed3 n\u1ed9i th\u1ea5t theo m\u1eabu y\u00eau c\u1ea7u.<\/li>\n<\/ul>\n<p><strong>Ph\u01b0\u01a1ng ch\u00e2m ho\u1ea1t \u0111\u1ed9ng: <\/strong><\/p>\n<ul>\n<li>N\u1ed9i th\u1ea5t T\u01b0 Nam \u0111\u00e3 \u0111i v\u00e0o ho\u1ea1t \u0111\u1ed9ng t\u1eeb n\u0103m 2009, v\u1edbi h\u01a1n 13 n\u0103m kinh nghi\u1ec7m trong l\u0129nh v\u1ef1c n\u1ed9i th\u1ea5t, trang tr\u00ed nh\u00e0 c\u1eeda. Ch\u00fang t\u00f4i lu\u00f4n l\u1ea5y &#8220;ch\u1eef T\u00edn&#8221; l\u00e0m kim ch\u1ec9 Nam trong c\u00f4ng vi\u1ec7c.<\/li>\n<li>\u0110\u1ebfn v\u1edbi T\u01b0 Nam qu\u00fd kh\u00e1ch lu\u00f4n an t\u00e2m r\u1eb1ng s\u1ebd \u0111\u01b0\u1ee3c s\u1ea3n ph\u1ea9m \u0111\u00fang v\u1edbi gi\u00e1 tr\u1ecb m\u00ecnh b\u1ecf ra. Ch\u00fang t\u00f4i mong mu\u1ed1n \u201cmang \u0111\u1ebfn gi\u00e1 tr\u1ecb b\u1ec1n v\u1eefng\u201d gi\u00fap qu\u00fd kh\u00e1ch h\u00e0ng \u0111\u01b0\u1ee3c s\u1eed d\u1ee5ng, tr\u1ea3i nghi\u1ec7m nh\u1eefng s\u1ea3n ph\u1ea9m b\u1ec1n ch\u1eafc m\u00e0 kh\u00f4ng c\u1ea7n lo v\u1ec1 gi\u00e1 c\u1ea3.<\/li>\n<li>V\u1edbi \u0111\u1ed9i ng\u0169 nh\u00e2n vi\u00ean t\u1eadn t\u00e2m chuy\u00ean nghi\u1ec7p, N\u1ed9i th\u1ea5t T\u01b0 Nam kh\u00f4ng ch\u1ec9 b\u00e1n h\u00e0ng m\u00e0 mong mu\u1ed1n thi\u1ebft l\u1eadp m\u1ed1i quan h\u1ec7 l\u00e2u d\u00e0i th\u00e2n thi\u1ebft v\u1edbi kh\u00e1ch h\u00e0ng b\u1eb1ng nh\u1eefng ch\u00ednh s\u00e1ch h\u1ed7 tr\u1ee3 v\u1eadn chuy\u1ec3n mi\u1ec5n ph\u00ed, qu\u00e0 t\u1eb7ng h\u1ea5p d\u1eabn, ch\u1ebf \u0111\u1ed9 h\u1eadu m\u00e3i b\u1ea3o tr\u00ec, b\u1ea3o d\u01b0\u1ee1ng t\u1eadn nh\u00e0.<\/li>\n<li>&#8221; Gi\u00fap ng\u00f4i nh\u00e0 th\u00e0nh t\u1ed5 \u1ea5m&#8221; l\u00e0 m\u1ed9t \u0111i\u1ec1u N\u1ed9i th\u1ea5t T\u01b0 Nam lu\u00f4n h\u01b0\u1edbng t\u1edbi. C\u1ed1 g\u1eafng gi\u00fap kh\u00e1ch h\u00e0ng mua \u0111\u00fang s\u1ea3n ph\u1ea9m th\u1eadt s\u1ef1 c\u1ea7n thi\u1ebft cho t\u1eebng kh\u00f4ng gian.<\/li>\n<li>Nh\u1eefng s\u1ea3n ph\u1ea9m c\u1ee7a N\u1ed9i th\u1ea5t T\u01b0 Nam \u0111\u01b0\u1ee3c\u00a0b\u1ea3o tr\u00ec v\u0129nh vi\u1ec5n\u00a0n\u00ean khi s\u1ea3n ph\u1ea9m c\u00f3 xu\u1ea5t hi\u1ec7n l\u1ed7i kh\u00e1ch h\u00e0ng ch\u1ec9 c\u1ea7n g\u1ecdi \u0111i\u1ec7n b\u00e1o t\u00ecnh tr\u1ea1ng c\u1ee5 th\u1ec3, nh\u00e2n vi\u00ean k\u1ef9 thu\u1eadt s\u1ebd \u0111\u1ebfn t\u1eadn n\u01a1i h\u1ed7 tr\u1ee3 t\u1eadn t\u00ecnh cho qu\u00fd kh\u00e1ch.<\/li>\n<\/ul>\n<p><strong><em><u>Ch\u00ednh s\u00e1ch b\u1ea3o h\u00e0nh:<\/u><\/em><\/strong><\/p>\n<ul>\n<li><em>S\u1ea3n ph\u1ea9m b\u1eb1ng g\u1ed7 c\u00f4ng nghi\u1ec7p MDF\/MFC: 2 n\u0103m<\/em><\/li>\n<li><em>S\u1ea3n ph\u1ea9m b\u1eb1ng g\u1ed7 t\u1ef1 nhi\u00ean: 5 n\u0103m<\/em><\/li>\n<li><em>S\u1ea3n ph\u1ea9m b\u1eb1ng g\u1ed7 cao c\u1ea5p: 10 n\u0103m<\/em><\/li>\n<li><em>S\u1ea3n ph\u1ea9n \u0111i\u1ec7n t\u1eed: theo ch\u00ednh s\u00e1ch ch\u00ednh h\u00e3ng &#8211; nh\u00e0 s\u1ea3n xu\u1ea5t<\/em><\/li>\n<\/ul>\n<div>\n<p style=\"text-align: justify;\"><span style=\"font-family: arial, helvetica, sans-serif; font-size: 14pt; color: #ff0000;\"><b>TRANG TR\u00cd N\u1ed8I TH\u1ea4T T\u01af NAM<\/b><\/span><\/p>\n<ul>\n<li><span style=\"font-family: arial, helvetica, sans-serif;\"><b>C\u1eeda h\u00e0ng 1:<\/b><span style=\"font-weight: 400;\"><a href=\"https:\/\/goo.gl\/maps\/w4WQmkg73h5qnbTd6\"> QL 22, Kp. Ho\u00e0 B\u00ecnh, P. An Ho\u00e0, Tx. Tr\u1ea3ng B\u00e0ng, T\u00e2y Ninh<\/a> (\u0110\u1ed1i di\u1ec7n Khu v\u0103n ho\u00e1 thi\u1ebfu nhi th\u1ecb x\u00e3 Tr\u1ea3ng B\u00e0ng)<\/span><\/span><\/li>\n<li><span style=\"font-family: arial, helvetica, sans-serif;\"><b>C\u1eeda h\u00e0ng 2:<\/b><span style=\"font-weight: 400;\"><a href=\"https:\/\/goo.gl\/maps\/NNc5vUKabaBo28Tj8\"> S\u1ed1 99, QL 22, Kp. Ho\u00e0 H\u01b0ng, P. An Ho\u00e0, Tx. Tr\u1ea3ng B\u00e0ng, T\u00e2y Ninh<\/a> (N\u00f4\u0323i th\u00e2\u0301t Cao Sang)<\/span><\/span><\/li>\n<li><span style=\"font-family: arial, helvetica, sans-serif;\"><b>\u0110i\u1ec7n tho\u1ea1i:<\/b><span style=\"font-weight: 400;\"> 0966 205 282 \u2013 0797 705 280 \u2013 0907 053 106<\/span><\/span><\/li>\n<li><span style=\"font-family: arial, helvetica, sans-serif;\"><b>Email:<\/b> <i><span style=\"font-weight: 400;\">noithattunam@gmail.com<\/span><\/i><\/span><\/li>\n<li><span style=\"font-family: arial, helvetica, sans-serif;\"><b>Website:<\/b><em><span style=\"font-weight: 400;\"> www.noithattunam.com<\/span><\/em><\/span><\/li>\n<li><span style=\"font-family: arial, helvetica, sans-serif;\"><b>Facebook:<\/b><span style=\"font-weight: 400;\">\u00a0<a href=\"https:\/\/www.facebook.com\/noithattunam\"><em>N\u1ed9i Th\u1ea5t T\u01b0 Nam<\/em><\/a><\/span><\/span><\/li>\n<li><span style=\"font-family: arial, helvetica, sans-serif;\"><b>YouTube:<\/b><a href=\"https:\/\/www.youtube.com\/channel\/UCHfZQ2yxGkP4vyzx-4bC7hw\"><em><span style=\"font-weight: 400;\"> N\u1ed9i Th\u1ea5t T\u01b0 Nam<\/span><\/em><\/a><\/span><\/li>\n<li><span style=\"font-family: arial, helvetica, sans-serif;\"><b>Tiktok:<\/b><em><span style=\"font-weight: 400;\"> N\u1ed9i Th\u1ea5t T\u01b0 Nam<\/span><\/em><\/span><\/li>\n<\/ul>\n<p><em><strong>N\u1ed9i th\u1ea5t T\u01b0 Nam ch\u00e2n th\u00e0nh c\u1ea3m \u01a1n qu\u00fd kh\u00e1ch h\u00e0ng.<\/strong><\/em><\/p>\n<\/div>\n","protected":false},"excerpt":{"rendered":"<p>TRANG TR\u00cd N\u1ed8I TH\u1ea4T T\u01af NAM N\u1ed9i th\u1ea5t T\u01b0 Nam chuy\u00ean cung c\u1ea5p c\u00e1c m\u1eb7t h\u00e0ng trang tr\u00ed n\u1ed9i th\u1ea5t ph\u1ee5c v\u1ee5 cho gia \u0111\u00ecnh v\u00e0 v\u0103n ph\u00f2ng. \u0110a d\u1ea1ng v\u1edbi nhi\u1ec1u m\u1eabu m\u00e3 m\u1edbi\u00a0 v\u00e0 nhi\u1ec1u ch\u1ea5t li\u1ec7u: g\u1ed7 t\u1ef1 nhi\u00ean, g\u1ed7 c\u00f4ng nghi\u1ec7p, nh\u1ef1a,&#8230; B\u00ean c\u1ea1nh \u0111\u00f3 ch\u00fang t\u00f4i c\u00f2n cung c\u1ea5p c\u00e1c &#8230; <a title=\"Gi\u1edbi thi\u1ec7u\" class=\"read-more\" href=\"https:\/\/noithattunam.com\/en\/gioi-thieu\/\" aria-label=\"More on Gi\u1edbi thi\u1ec7u\">Read more<\/a><\/p>\n","protected":false},"author":1,"featured_media":0,"parent":0,"menu_order":0,"comment_status":"closed","ping_status":"closed","template":"templates\/about.php","meta":[],"acf":[],"yoast_head":"<!-- This site is optimized with the Yoast SEO plugin v19.10 - https:\/\/yoast.com\/wordpress\/plugins\/seo\/ -->\n<title>Gi\u1edbi thi\u1ec7u - T\u01b0 Nam<\/title>\n<meta name=\"robots\" content=\"index, follow, max-snippet:-1, max-image-preview:large, max-video-preview:-1\" \/>\n<link rel=\"canonical\" href=\"https:\/\/noithattunam.com\/en\/gioi-thieu\/\" \/>\n<meta property=\"og:locale\" content=\"en_US\" \/>\n<meta property=\"og:type\" content=\"article\" \/>\n<meta property=\"og:title\" content=\"Gi\u1edbi thi\u1ec7u - T\u01b0 Nam\" \/>\n<meta property=\"og:description\" content=\"TRANG TR\u00cd N\u1ed8I TH\u1ea4T T\u01af NAM N\u1ed9i th\u1ea5t T\u01b0 Nam chuy\u00ean cung c\u1ea5p c\u00e1c m\u1eb7t h\u00e0ng trang tr\u00ed n\u1ed9i th\u1ea5t ph\u1ee5c v\u1ee5 cho gia \u0111\u00ecnh v\u00e0 v\u0103n ph\u00f2ng. \u0110a d\u1ea1ng v\u1edbi nhi\u1ec1u m\u1eabu m\u00e3 m\u1edbi\u00a0 v\u00e0 nhi\u1ec1u ch\u1ea5t li\u1ec7u: g\u1ed7 t\u1ef1 nhi\u00ean, g\u1ed7 c\u00f4ng nghi\u1ec7p, nh\u1ef1a,&#8230; B\u00ean c\u1ea1nh \u0111\u00f3 ch\u00fang t\u00f4i c\u00f2n cung c\u1ea5p c\u00e1c ... Read more\" \/>\n<meta property=\"og:url\" content=\"https:\/\/noithattunam.com\/en\/gioi-thieu\/\" \/>\n<meta property=\"og:site_name\" content=\"T\u01b0 Nam\" \/>\n<meta property=\"article:modified_time\" content=\"2022-12-30T06:54:50+00:00\" \/>\n<meta name=\"twitter:card\" content=\"summary_large_image\" \/>\n<meta name=\"twitter:label1\" content=\"Est. reading time\" \/>\n\t<meta name=\"twitter:data1\" content=\"4 minutes\" \/>\n<script type=\"application\/ld+json\" class=\"yoast-schema-graph\">{\"@context\":\"https:\/\/schema.org\",\"@graph\":[{\"@type\":\"WebPage\",\"@id\":\"https:\/\/noithattunam.com\/en\/gioi-thieu\/\",\"url\":\"https:\/\/noithattunam.com\/en\/gioi-thieu\/\",\"name\":\"Gi\u1edbi thi\u1ec7u - T\u01b0 Nam\",\"isPartOf\":{\"@id\":\"https:\/\/noithattunam.com\/#website\"},\"datePublished\":\"2022-11-07T16:21:31+00:00\",\"dateModified\":\"2022-12-30T06:54:50+00:00\",\"breadcrumb\":{\"@id\":\"https:\/\/noithattunam.com\/en\/gioi-thieu\/#breadcrumb\"},\"inLanguage\":\"en\",\"potentialAction\":[{\"@type\":\"ReadAction\",\"target\":[\"https:\/\/noithattunam.com\/en\/gioi-thieu\/\"]}]},{\"@type\":\"BreadcrumbList\",\"@id\":\"https:\/\/noithattunam.com\/en\/gioi-thieu\/#breadcrumb\",\"itemListElement\":[{\"@type\":\"ListItem\",\"position\":1,\"name\":\"Home\",\"item\":\"https:\/\/noithattunam.com\/en\/\"},{\"@type\":\"ListItem\",\"position\":2,\"name\":\"Gi\u1edbi thi\u1ec7u\"}]},{\"@type\":\"WebSite\",\"@id\":\"https:\/\/noithattunam.com\/#website\",\"url\":\"https:\/\/noithattunam.com\/\",\"name\":\"T\u01b0 Nam\",\"description\":\"\",\"potentialAction\":[{\"@type\":\"SearchAction\",\"target\":{\"@type\":\"EntryPoint\",\"urlTemplate\":\"https:\/\/noithattunam.com\/?s={search_term_string}\"},\"query-input\":\"required name=search_term_string\"}],\"inLanguage\":\"en\"}]}<\/script>\n<!-- \/ Yoast SEO plugin. -->","yoast_head_json":{"title":"Gi\u1edbi thi\u1ec7u - T\u01b0 Nam","robots":{"index":"index","follow":"follow","max-snippet":"max-snippet:-1","max-image-preview":"max-image-preview:large","max-video-preview":"max-video-preview:-1"},"canonical":"https:\/\/noithattunam.com\/en\/gioi-thieu\/","og_locale":"en_US","og_type":"article","og_title":"Gi\u1edbi thi\u1ec7u - T\u01b0 Nam","og_description":"TRANG TR\u00cd N\u1ed8I TH\u1ea4T T\u01af NAM N\u1ed9i th\u1ea5t T\u01b0 Nam chuy\u00ean cung c\u1ea5p c\u00e1c m\u1eb7t h\u00e0ng trang tr\u00ed n\u1ed9i th\u1ea5t ph\u1ee5c v\u1ee5 cho gia \u0111\u00ecnh v\u00e0 v\u0103n ph\u00f2ng. \u0110a d\u1ea1ng v\u1edbi nhi\u1ec1u m\u1eabu m\u00e3 m\u1edbi\u00a0 v\u00e0 nhi\u1ec1u ch\u1ea5t li\u1ec7u: g\u1ed7 t\u1ef1 nhi\u00ean, g\u1ed7 c\u00f4ng nghi\u1ec7p, nh\u1ef1a,&#8230; B\u00ean c\u1ea1nh \u0111\u00f3 ch\u00fang t\u00f4i c\u00f2n cung c\u1ea5p c\u00e1c ... Read more","og_url":"https:\/\/noithattunam.com\/en\/gioi-thieu\/","og_site_name":"T\u01b0 Nam","article_modified_time":"2022-12-30T06:54:50+00:00","twitter_card":"summary_large_image","twitter_misc":{"Est. reading time":"4 minutes"},"schema":{"@context":"https:\/\/schema.org","@graph":[{"@type":"WebPage","@id":"https:\/\/noithattunam.com\/en\/gioi-thieu\/","url":"https:\/\/noithattunam.com\/en\/gioi-thieu\/","name":"Gi\u1edbi thi\u1ec7u - T\u01b0 Nam","isPartOf":{"@id":"https:\/\/noithattunam.com\/#website"},"datePublished":"2022-11-07T16:21:31+00:00","dateModified":"2022-12-30T06:54:50+00:00","breadcrumb":{"@id":"https:\/\/noithattunam.com\/en\/gioi-thieu\/#breadcrumb"},"inLanguage":"en","potentialAction":[{"@type":"ReadAction","target":["https:\/\/noithattunam.com\/en\/gioi-thieu\/"]}]},{"@type":"BreadcrumbList","@id":"https:\/\/noithattunam.com\/en\/gioi-thieu\/#breadcrumb","itemListElement":[{"@type":"ListItem","position":1,"name":"Home","item":"https:\/\/noithattunam.com\/en\/"},{"@type":"ListItem","position":2,"name":"Gi\u1edbi thi\u1ec7u"}]},{"@type":"WebSite","@id":"https:\/\/noithattunam.com\/#website","url":"https:\/\/noithattunam.com\/","name":"T\u01b0 Nam","description":"","potentialAction":[{"@type":"SearchAction","target":{"@type":"EntryPoint","urlTemplate":"https:\/\/noithattunam.com\/?s={search_term_string}"},"query-input":"required name=search_term_string"}],"inLanguage":"en"}]}},"_links":{"self":[{"href":"https:\/\/noithattunam.com\/en\/wp-json\/wp\/v2\/pages\/643"}],"collection":[{"href":"https:\/\/noithattunam.com\/en\/wp-json\/wp\/v2\/pages"}],"about":[{"href":"https:\/\/noithattunam.com\/en\/wp-json\/wp\/v2\/types\/page"}],"author":[{"embeddable":true,"href":"https:\/\/noithattunam.com\/en\/wp-json\/wp\/v2\/users\/1"}],"replies":[{"embeddable":true,"href":"https:\/\/noithattunam.com\/en\/wp-json\/wp\/v2\/comments?post=643"}],"version-history":[{"count":3,"href":"https:\/\/noithattunam.com\/en\/wp-json\/wp\/v2\/pages\/643\/revisions"}],"predecessor-version":[{"id":992,"href":"https:\/\/noithattunam.com\/en\/wp-json\/wp\/v2\/pages\/643\/revisions\/992"}],"wp:attachment":[{"href":"https:\/\/noithattunam.com\/en\/wp-json\/wp\/v2\/media?parent=643"}],"curies":[{"name":"wp","href":"https:\/\/api.w.org\/{rel}","templated":true}]}}