{"id":640,"date":"2022-11-07T16:38:27","date_gmt":"2022-11-07T16:38:27","guid":{"rendered":"https:\/\/noithattunam.com\/khuyen-mai\/"},"modified":"2023-01-19T02:12:00","modified_gmt":"2023-01-19T02:12:00","slug":"khuyen-mai","status":"publish","type":"page","link":"https:\/\/noithattunam.com\/en\/khuyen-mai\/","title":{"rendered":"Khuy\u1ec5n m\u00e3i"},"content":{"rendered":"<h1><span style=\"font-size: 24pt;\"><strong><span style=\"color: #ff0000;\">CUNG CH\u00daC T\u00c2N XU\u00c2N 2023<\/span><\/strong><\/span><\/h1>\n<p><span style=\"font-size: 18pt;\"><span style=\"font-family: arial,helvetica,sans-serif;\">N\u1ed9i th\u1ea5t T\u01b0 Nam \u0111ang c\u00f3 nhi\u1ec1u ch\u01b0\u01a1ng tr\u00ecnh khuy\u1ebfn m\u00e3i cho qu\u00fd kh\u00e1ch mua h\u00e0ng trong di\u1ec7p n\u0103m m\u1edbi<\/span><\/span><\/p>\n<p><span style=\"font-size: 18pt;\"><span style=\"font-family: arial,helvetica,sans-serif;\">CH\u00c2N TH\u00c0NH C\u1ea2M \u01a0N QU\u00dd KH\u00c1CH H\u00c0NG \u0110\u00c3 \u0110\u1ed2NG H\u00c0NH C\u00d9NG C\u1eecA H\u00c0NG CH\u00daNG T\u00d4I !<\/span><\/span><\/p>\n","protected":false},"excerpt":{"rendered":"<p>CUNG CH\u00daC T\u00c2N XU\u00c2N 2023 N\u1ed9i th\u1ea5t T\u01b0 Nam \u0111ang c\u00f3 nhi\u1ec1u ch\u01b0\u01a1ng tr\u00ecnh khuy\u1ebfn m\u00e3i cho qu\u00fd kh\u00e1ch mua h\u00e0ng trong di\u1ec7p n\u0103m m\u1edbi CH\u00c2N TH\u00c0NH C\u1ea2M \u01a0N QU\u00dd KH\u00c1CH H\u00c0NG \u0110\u00c3 \u0110\u1ed2NG H\u00c0NH C\u00d9NG C\u1eecA H\u00c0NG CH\u00daNG T\u00d4I !<\/p>\n","protected":false},"author":1,"featured_media":0,"parent":0,"menu_order":0,"comment_status":"closed","ping_status":"closed","template":"templates\/promotion.php","meta":[],"acf":[],"yoast_head":"<!-- This site is optimized with the Yoast SEO plugin v19.10 - https:\/\/yoast.com\/wordpress\/plugins\/seo\/ -->\n<title>Khuy\u1ec5n m\u00e3i - T\u01b0 Nam<\/title>\n<meta name=\"robots\" content=\"index, follow, max-snippet:-1, max-image-preview:large, max-video-preview:-1\" \/>\n<link rel=\"canonical\" href=\"https:\/\/noithattunam.com\/en\/khuyen-mai\/\" \/>\n<meta property=\"og:locale\" content=\"en_US\" \/>\n<meta property=\"og:type\" content=\"article\" \/>\n<meta property=\"og:title\" content=\"Khuy\u1ec5n m\u00e3i - T\u01b0 Nam\" \/>\n<meta property=\"og:description\" content=\"CUNG CH\u00daC T\u00c2N XU\u00c2N 2023 N\u1ed9i th\u1ea5t T\u01b0 Nam \u0111ang c\u00f3 nhi\u1ec1u ch\u01b0\u01a1ng tr\u00ecnh khuy\u1ebfn m\u00e3i cho qu\u00fd kh\u00e1ch mua h\u00e0ng trong di\u1ec7p n\u0103m m\u1edbi CH\u00c2N TH\u00c0NH C\u1ea2M \u01a0N QU\u00dd KH\u00c1CH H\u00c0NG \u0110\u00c3 \u0110\u1ed2NG H\u00c0NH C\u00d9NG C\u1eecA H\u00c0NG CH\u00daNG T\u00d4I !\" \/>\n<meta property=\"og:url\" content=\"https:\/\/noithattunam.com\/en\/khuyen-mai\/\" \/>\n<meta property=\"og:site_name\" content=\"T\u01b0 Nam\" \/>\n<meta property=\"article:modified_time\" content=\"2023-01-19T02:12:00+00:00\" \/>\n<meta name=\"twitter:card\" content=\"summary_large_image\" \/>\n<meta name=\"twitter:label1\" content=\"Est. reading time\" \/>\n\t<meta name=\"twitter:data1\" content=\"1 minute\" \/>\n<script type=\"application\/ld+json\" class=\"yoast-schema-graph\">{\"@context\":\"https:\/\/schema.org\",\"@graph\":[{\"@type\":\"WebPage\",\"@id\":\"https:\/\/noithattunam.com\/en\/khuyen-mai\/\",\"url\":\"https:\/\/noithattunam.com\/en\/khuyen-mai\/\",\"name\":\"Khuy\u1ec5n m\u00e3i - T\u01b0 Nam\",\"isPartOf\":{\"@id\":\"https:\/\/noithattunam.com\/#website\"},\"datePublished\":\"2022-11-07T16:38:27+00:00\",\"dateModified\":\"2023-01-19T02:12:00+00:00\",\"breadcrumb\":{\"@id\":\"https:\/\/noithattunam.com\/en\/khuyen-mai\/#breadcrumb\"},\"inLanguage\":\"en\",\"potentialAction\":[{\"@type\":\"ReadAction\",\"target\":[\"https:\/\/noithattunam.com\/en\/khuyen-mai\/\"]}]},{\"@type\":\"BreadcrumbList\",\"@id\":\"https:\/\/noithattunam.com\/en\/khuyen-mai\/#breadcrumb\",\"itemListElement\":[{\"@type\":\"ListItem\",\"position\":1,\"name\":\"Home\",\"item\":\"https:\/\/noithattunam.com\/en\/\"},{\"@type\":\"ListItem\",\"position\":2,\"name\":\"Khuy\u1ec5n m\u00e3i\"}]},{\"@type\":\"WebSite\",\"@id\":\"https:\/\/noithattunam.com\/#website\",\"url\":\"https:\/\/noithattunam.com\/\",\"name\":\"T\u01b0 Nam\",\"description\":\"\",\"potentialAction\":[{\"@type\":\"SearchAction\",\"target\":{\"@type\":\"EntryPoint\",\"urlTemplate\":\"https:\/\/noithattunam.com\/?s={search_term_string}\"},\"query-input\":\"required name=search_term_string\"}],\"inLanguage\":\"en\"}]}<\/script>\n<!-- \/ Yoast SEO plugin. -->","yoast_head_json":{"title":"Khuy\u1ec5n m\u00e3i - T\u01b0 Nam","robots":{"index":"index","follow":"follow","max-snippet":"max-snippet:-1","max-image-preview":"max-image-preview:large","max-video-preview":"max-video-preview:-1"},"canonical":"https:\/\/noithattunam.com\/en\/khuyen-mai\/","og_locale":"en_US","og_type":"article","og_title":"Khuy\u1ec5n m\u00e3i - T\u01b0 Nam","og_description":"CUNG CH\u00daC T\u00c2N XU\u00c2N 2023 N\u1ed9i th\u1ea5t T\u01b0 Nam \u0111ang c\u00f3 nhi\u1ec1u ch\u01b0\u01a1ng tr\u00ecnh khuy\u1ebfn m\u00e3i cho qu\u00fd kh\u00e1ch mua h\u00e0ng trong di\u1ec7p n\u0103m m\u1edbi CH\u00c2N TH\u00c0NH C\u1ea2M \u01a0N QU\u00dd KH\u00c1CH H\u00c0NG \u0110\u00c3 \u0110\u1ed2NG H\u00c0NH C\u00d9NG C\u1eecA H\u00c0NG CH\u00daNG T\u00d4I !","og_url":"https:\/\/noithattunam.com\/en\/khuyen-mai\/","og_site_name":"T\u01b0 Nam","article_modified_time":"2023-01-19T02:12:00+00:00","twitter_card":"summary_large_image","twitter_misc":{"Est. reading time":"1 minute"},"schema":{"@context":"https:\/\/schema.org","@graph":[{"@type":"WebPage","@id":"https:\/\/noithattunam.com\/en\/khuyen-mai\/","url":"https:\/\/noithattunam.com\/en\/khuyen-mai\/","name":"Khuy\u1ec5n m\u00e3i - T\u01b0 Nam","isPartOf":{"@id":"https:\/\/noithattunam.com\/#website"},"datePublished":"2022-11-07T16:38:27+00:00","dateModified":"2023-01-19T02:12:00+00:00","breadcrumb":{"@id":"https:\/\/noithattunam.com\/en\/khuyen-mai\/#breadcrumb"},"inLanguage":"en","potentialAction":[{"@type":"ReadAction","target":["https:\/\/noithattunam.com\/en\/khuyen-mai\/"]}]},{"@type":"BreadcrumbList","@id":"https:\/\/noithattunam.com\/en\/khuyen-mai\/#breadcrumb","itemListElement":[{"@type":"ListItem","position":1,"name":"Home","item":"https:\/\/noithattunam.com\/en\/"},{"@type":"ListItem","position":2,"name":"Khuy\u1ec5n m\u00e3i"}]},{"@type":"WebSite","@id":"https:\/\/noithattunam.com\/#website","url":"https:\/\/noithattunam.com\/","name":"T\u01b0 Nam","description":"","potentialAction":[{"@type":"SearchAction","target":{"@type":"EntryPoint","urlTemplate":"https:\/\/noithattunam.com\/?s={search_term_string}"},"query-input":"required name=search_term_string"}],"inLanguage":"en"}]}},"_links":{"self":[{"href":"https:\/\/noithattunam.com\/en\/wp-json\/wp\/v2\/pages\/640"}],"collection":[{"href":"https:\/\/noithattunam.com\/en\/wp-json\/wp\/v2\/pages"}],"about":[{"href":"https:\/\/noithattunam.com\/en\/wp-json\/wp\/v2\/types\/page"}],"author":[{"embeddable":true,"href":"https:\/\/noithattunam.com\/en\/wp-json\/wp\/v2\/users\/1"}],"replies":[{"embeddable":true,"href":"https:\/\/noithattunam.com\/en\/wp-json\/wp\/v2\/comments?post=640"}],"version-history":[{"count":1,"href":"https:\/\/noithattunam.com\/en\/wp-json\/wp\/v2\/pages\/640\/revisions"}],"predecessor-version":[{"id":1746,"href":"https:\/\/noithattunam.com\/en\/wp-json\/wp\/v2\/pages\/640\/revisions\/1746"}],"wp:attachment":[{"href":"https:\/\/noithattunam.com\/en\/wp-json\/wp\/v2\/media?parent=640"}],"curies":[{"name":"wp","href":"https:\/\/api.w.org\/{rel}","templated":true}]}}