{"id":639,"date":"2022-11-07T16:41:22","date_gmt":"2022-11-07T16:41:22","guid":{"rendered":"https:\/\/noithattunam.com\/tuyen-dung\/"},"modified":"2022-11-07T16:41:22","modified_gmt":"2022-11-07T16:41:22","slug":"tuyen-dung","status":"publish","type":"page","link":"https:\/\/noithattunam.com\/en\/tuyen-dung\/","title":{"rendered":"Tuy\u1ec3n d\u1ee5ng"},"content":{"rendered":"<div><strong><em><span style=\"font-size: 14px;\"><span style=\"font-family: arial,helvetica,sans-serif;\">\u0110\u1ea1i l\u00fd ph\u00e2n ph\u1ed1i chuy\u00ean cung c\u1ea5p c\u00e1c m\u1eb7t h\u00e0ng n\u1ed9i th\u1ea5t \u0111\u1ed3 g\u1ed7 t\u1ef1 nhi\u00ean,n\u1ed9i th\u1ea5t gia \u0111\u00ecnh,n\u1ed9i th\u1ea5t v\u0103n ph\u00f2ng\u00a0<\/span><\/span><\/em><\/strong><\/div>\n<div>\n<ul>\n<li><span style=\"font-size: 14px;\"><span style=\"font-family: arial,helvetica,sans-serif;\">\u00a0Chuy\u00ean cung c\u1ea5p gi\u01b0\u1eddng g\u1ed7,t\u1ee7 qu\u1ea7n \u00e1o g\u1ed7, salon &#8211; sofa g\u1ed7 sang tr\u1ecdng, k\u1ec7 tivi g\u1ed7 cao c\u1ea5p, \u0111\u1ed3ng h\u1ed3 g\u1ed7, t\u1ee7 gi\u00e0y d\u00e9p g\u1ed7,\u2026<\/span><\/span><\/li>\n<li><span style=\"font-size: 14px;\"><span style=\"font-family: arial,helvetica,sans-serif;\">\u00a0N\u1ed9i th\u1ea5t ph\u00f2ng ng\u1ee7: cung c\u1ea5p c\u00e1c s\u1ea3n ph\u1ea9m gi\u01b0\u1eddng ng\u1ee7 g\u1ed7 t\u1ef1 nhi\u00ean, t\u1ee7 qu\u1ea7n \u00e1o g\u1ed7 hi\u1ec7n \u0111\u1ea1i gi\u00e1 r\u1ebb, t\u1ee7 \u0111\u1ea7u gi\u01b0\u1eddng, b\u00e0n trang \u0111i\u1ec3m (b\u00e0n ph\u1ea5n) g\u1ed7,\u2026<\/span><\/span><\/li>\n<li><span style=\"font-size: 14px;\"><span style=\"font-family: arial,helvetica,sans-serif;\">\u00a0N\u1ed9i th\u1ea5t nh\u00e0 b\u1ebfp, ph\u00f2ng \u0103n: cung c\u1ea5p c\u00e1c b\u1ed9 b\u00e0n \u0103n g\u1ed7, b\u00e0n g\u1ed7, gh\u1ebf g\u1ed7,\u2026<\/span><\/span><\/li>\n<li><span style=\"font-size: 14px;\"><span style=\"font-family: arial,helvetica,sans-serif;\">\u00a0N\u1ed9i th\u1ea5t th\u1edd c\u00fang: cung c\u1ea5p c\u00e1c s\u1ea3n ph\u1ea9m b\u00e0n th\u1edd g\u1ed7, t\u1ee7 th\u1edd g\u1ed7, s\u1eadp th\u1edd g\u1ed7, b\u00e0n th\u1edd Th\u1ea7n t\u00e0i- \u00d4ng \u0110\u1ecba,\u2026<\/span><\/span><\/li>\n<li><span style=\"font-size: 14px;\"><span style=\"font-family: arial,helvetica,sans-serif;\">\u00a0N\u1ed9i th\u1ea5t kh\u00e1c:\u00a0 cung c\u1ea5p c\u00e1c s\u1ea3n ph\u1ea9m b\u00e0n h\u1ecdc sinh, b\u00e0n l\u00e0m vi\u1ec7c, b\u00e0n gi\u00e1m \u0111\u1ed1c, tranh g\u1ed7, h\u1ed9p b\u00e1nh k\u1eb9o g\u1ed7, gh\u1ebf d\u00e2y, \u0111\u1ed1c l\u1ecbch g\u1ed7\u2026<\/span><\/span><\/li>\n<li><span style=\"font-size: 14px;\"><span style=\"font-family: arial,helvetica,sans-serif;\">\u00a0N\u1ed9i th\u1ea5t T\u01b0 Nam chuy\u00ean nh\u1eadn thi\u1ebft k\u1ebf c\u00f4ng tr\u00ecnh nh\u00e0 h\u00e0ng , kh\u00e1ch s\u1ea1n , nh\u1eadn \u0111\u1eb7t h\u00e0ng theo y\u00eau c\u1ea7u c\u1ee7a qu\u00fd kh\u00e1ch h\u00e0ng\u00a0<\/span><\/span><\/li>\n<\/ul>\n<ul>\n<li><span style=\"font-size: 14px;\"><span style=\"font-family: arial,helvetica,sans-serif;\"> N\u1ed9i th\u1ea5t T\u01b0 Nam ho\u1ea1t \u0111\u1ed9ng v\u1edbi ph\u01b0\u01a1ng ch\u00e2m \u201cmang \u0111\u1ebfn gi\u00e1 tr\u1ecb th\u1eadt\u201d cho kh\u00e1ch h\u00e0ng, ch\u00fang t\u00f4i mong mu\u1ed1n qu\u00fd kh\u00e1ch h\u00e0ng \u0111\u01b0\u1ee3c s\u1eed d\u1ee5ng, tr\u1ea3i nghi\u1ec7m nh\u1eefng s\u1ea3n ph\u1ea9m th\u1eadt v\u1edbi gi\u00e1 th\u1eadt. Mua s\u1eafm t\u1ea1i N\u1ed9i th\u1ea5t T\u01b0 Nam qu\u00fd kh\u00e1ch h\u00e0ng kh\u00f4ng ph\u1ea3i lo v\u1ec1 gi\u00e1 c\u1ea3, ch\u00fang t\u00f4i b\u00e1n h\u00e0ng v\u1edbi gi\u00e1 t\u1ea1i kho kh\u00f4ng qua trung gian, v\u1edbi nhi\u1ec1u m\u1eb7t h\u00e0ng n\u1ed9i th\u1ea5t \u0111\u1eb9p, m\u1eabu m\u00e3 \u0111a d\u1ea1ng \u0111\u1ed9c \u0111\u00e1o, ch\u1eafc h\u1eb3n s\u1ebd l\u00e0m h\u00e0i l\u00f2ng qu\u00fd kh\u00e1ch h\u00e0ng.<\/span><\/span><\/li>\n<li><span style=\"font-size: 14px;\"><span style=\"font-family: arial,helvetica,sans-serif;\">V\u1edbi \u0111\u1ed9i ng\u0169 nh\u00e2n vi\u00ean t\u1eadn t\u00e2m chuy\u00ean nghi\u1ec7p N\u1ed9i th\u1ea5t T\u01b0 Nam kh\u00f4ng ch\u1ec9 b\u00e1n h\u00e0ng m\u00e0 mong mu\u1ed1n thi\u1ebft l\u1eadp m\u1ed1i quan h\u1ec7 l\u00e2u d\u00e0i th\u00e2n thi\u1ebft v\u1edbi kh\u00e1ch h\u00e0ng b\u1eb1ng nh\u1eefng ch\u00ednh s\u00e1ch h\u1ed7 tr\u1ee3 v\u1eadn chuy\u1ec3n mi\u1ec5n ph\u00ed, qu\u00e0 t\u1eb7ng h\u1ea5p d\u1eabn, ch\u1ebf \u0111\u1ed9 h\u1eadu m\u00e3i b\u1ea3o tr\u00ec, b\u1ea3o d\u01b0\u1ee1ng t\u1eadn nh\u00e0.<\/span><\/span><\/li>\n<\/ul>\n<\/div>\n<div>\n<p><span style=\"font-size: 14px;\"><span style=\"font-family: arial,helvetica,sans-serif;\">Ch\u00fang t\u00f4i lu\u00f4n t\u1ea1o m\u1ecdi \u0111i\u1ec1u ki\u1ec7n \u0111\u1ec3 kh\u00e1ch h\u00e0ng \u0111\u01b0\u1ee3c s\u1edf h\u1eefu nh\u1eefng s\u1ea3n ph\u1ea9m ch\u1ea5t l\u01b0\u1ee3ng m\u1ed9t c\u00e1ch t\u1ed1t nh\u1ea5t t\u1eeb cung c\u00e1ch ph\u1ee5c v\u1ee5 \u0111\u1ebfn ch\u1ebf \u0111\u1ed9 h\u1eadu m\u00e3i v\u1ec1 sau. Nh\u1eefng s\u1ea3n ph\u1ea9m c\u1ee7a N\u1ed9i th\u1ea5t T\u01b0 Nam \u0111\u01b0\u1ee3c b\u1ea3o tr\u00ec v\u0129nh vi\u1ec5n n\u00ean ch\u1ec9 c\u1ea7n s\u1ea3n ph\u1ea9m c\u00f3 xu\u1ea5t hi\u1ec7n l\u1ed7i kh\u00e1ch h\u00e0ng ch\u1ec9 c\u1ea7n g\u1ecdi \u0111i\u1ec7n b\u00e1o t\u00ecnh tr\u1ea1ng c\u1ee5 th\u1ec3, nh\u00e2n vi\u00ean k\u1ef9 thu\u1eadt s\u1ebd \u0111\u1ebfn t\u1eadn n\u01a1i h\u1ed7 tr\u1ee3 t\u1eadn t\u00ecnh cho qu\u00fd kh\u00e1ch.<\/span><\/span><span style=\"font-size: 14px;\"><span style=\"font-family: arial,helvetica,sans-serif;\"><\/p>\n<p><\/span><\/span><strong>TRANG TR\u00cd N\u1ed8I TH\u1ea4T T\u01af NAM<\/strong><\/p>\n<ul>\n<li><strong>C\u1eeda h\u00e0ng 1:<\/strong> QL 22, Kp. Ho\u00e0 B\u00ecnh, P. An Ho\u00e0, Tx. Tr\u1ea3ng B\u00e0ng, T\u00e2y Ninh (\u0110\u1ed1i di\u1ec7n Khu v\u0103n ho\u00e1 thi\u1ebfu nhi th\u1ecb x\u00e3 Tr\u1ea3ng B\u00e0ng)<\/li>\n<li><strong>C\u1eeda h\u00e0ng 2:<\/strong> S\u1ed1 99, QL 22, Kp. Ho\u00e0 H\u01b0ng, P. An Ho\u00e0, Tx. Tr\u1ea3ng B\u00e0ng, T\u00e2y Ninh<\/li>\n<li><strong>\u0110i\u1ec7n tho\u1ea1i:<\/strong> 0966 205 282 \u2013 0797 705 280 \u2013 0907 053 106<\/li>\n<li><strong>Email:<\/strong> noithattunam@gmail.com<\/li>\n<li><strong>Website:<\/strong> www.noithattunam.com<\/li>\n<li><strong>Facebook:<\/strong> <a href=\"https:\/\/www.facebook.com\/trangtrinoithatcaosang\/\" target=\"_blank\" rel=\"noopener\">N\u1ed9i Th\u1ea5t T\u01b0 Nam<\/a><\/li>\n<li><strong>YouTube:<\/strong> <a href=\"https:\/\/www.youtube.com\/channel\/UCHfZQ2yxGkP4vyzx-4bC7hw\" target=\"_blank\" rel=\"noopener\">N\u1ed9i Th\u1ea5t T\u01b0 Nam<\/a><\/li>\n<li><strong>Tiktok:<\/strong> <a href=\"https:\/\/www.tiktok.com\/@noithattunam\" target=\"_blank\" rel=\"noopener\">N\u1ed9i Th\u1ea5t T\u01b0 Nam<\/a><\/li>\n<\/ul>\n<div>\n<p><img decoding=\"async\" loading=\"lazy\" class=\"size-full wp-image-99 aligncenter\" src=\"https:\/\/noithattunam.com\/wp-content\/uploads\/2022\/11\/z2676455062813_af5c3b2c39273b9f622fbdadd19a39af20.jpg\" alt=\"\" width=\"1600\" height=\"369\" srcset=\"https:\/\/noithattunam.com\/wp-content\/uploads\/2022\/11\/z2676455062813_af5c3b2c39273b9f622fbdadd19a39af20.jpg 1600w, https:\/\/noithattunam.com\/wp-content\/uploads\/2022\/11\/z2676455062813_af5c3b2c39273b9f622fbdadd19a39af20-600x138.jpg 600w, https:\/\/noithattunam.com\/wp-content\/uploads\/2022\/11\/z2676455062813_af5c3b2c39273b9f622fbdadd19a39af20-300x69.jpg 300w, https:\/\/noithattunam.com\/wp-content\/uploads\/2022\/11\/z2676455062813_af5c3b2c39273b9f622fbdadd19a39af20-1024x236.jpg 1024w, https:\/\/noithattunam.com\/wp-content\/uploads\/2022\/11\/z2676455062813_af5c3b2c39273b9f622fbdadd19a39af20-768x177.jpg 768w, https:\/\/noithattunam.com\/wp-content\/uploads\/2022\/11\/z2676455062813_af5c3b2c39273b9f622fbdadd19a39af20-1536x354.jpg 1536w\" sizes=\"(max-width: 1600px) 100vw, 1600px\" \/><\/p>\n<p style=\"text-align: center;\">\n<\/div>\n<\/div>\n","protected":false},"excerpt":{"rendered":"<p>\u0110\u1ea1i l\u00fd ph\u00e2n ph\u1ed1i chuy\u00ean cung c\u1ea5p c\u00e1c m\u1eb7t h\u00e0ng n\u1ed9i th\u1ea5t \u0111\u1ed3 g\u1ed7 t\u1ef1 nhi\u00ean,n\u1ed9i th\u1ea5t gia \u0111\u00ecnh,n\u1ed9i th\u1ea5t v\u0103n ph\u00f2ng\u00a0 \u00a0Chuy\u00ean cung c\u1ea5p gi\u01b0\u1eddng g\u1ed7,t\u1ee7 qu\u1ea7n \u00e1o g\u1ed7, salon &#8211; sofa g\u1ed7 sang tr\u1ecdng, k\u1ec7 tivi g\u1ed7 cao c\u1ea5p, \u0111\u1ed3ng h\u1ed3 g\u1ed7, t\u1ee7 gi\u00e0y d\u00e9p g\u1ed7,\u2026 \u00a0N\u1ed9i th\u1ea5t ph\u00f2ng ng\u1ee7: cung c\u1ea5p c\u00e1c &#8230; <a title=\"Tuy\u1ec3n d\u1ee5ng\" class=\"read-more\" href=\"https:\/\/noithattunam.com\/en\/tuyen-dung\/\" aria-label=\"More on Tuy\u1ec3n d\u1ee5ng\">Read more<\/a><\/p>\n","protected":false},"author":1,"featured_media":0,"parent":0,"menu_order":0,"comment_status":"closed","ping_status":"closed","template":"templates\/recruit.php","meta":[],"acf":[],"yoast_head":"<!-- This site is optimized with the Yoast SEO plugin v19.10 - https:\/\/yoast.com\/wordpress\/plugins\/seo\/ -->\n<title>Tuy\u1ec3n d\u1ee5ng - T\u01b0 Nam<\/title>\n<meta name=\"robots\" content=\"index, follow, max-snippet:-1, max-image-preview:large, max-video-preview:-1\" \/>\n<link rel=\"canonical\" href=\"https:\/\/noithattunam.com\/en\/tuyen-dung\/\" \/>\n<meta property=\"og:locale\" content=\"en_US\" \/>\n<meta property=\"og:type\" content=\"article\" \/>\n<meta property=\"og:title\" content=\"Tuy\u1ec3n d\u1ee5ng - T\u01b0 Nam\" \/>\n<meta property=\"og:description\" content=\"\u0110\u1ea1i l\u00fd ph\u00e2n ph\u1ed1i chuy\u00ean cung c\u1ea5p c\u00e1c m\u1eb7t h\u00e0ng n\u1ed9i th\u1ea5t \u0111\u1ed3 g\u1ed7 t\u1ef1 nhi\u00ean,n\u1ed9i th\u1ea5t gia \u0111\u00ecnh,n\u1ed9i th\u1ea5t v\u0103n ph\u00f2ng\u00a0 \u00a0Chuy\u00ean cung c\u1ea5p gi\u01b0\u1eddng g\u1ed7,t\u1ee7 qu\u1ea7n \u00e1o g\u1ed7, salon &#8211; sofa g\u1ed7 sang tr\u1ecdng, k\u1ec7 tivi g\u1ed7 cao c\u1ea5p, \u0111\u1ed3ng h\u1ed3 g\u1ed7, t\u1ee7 gi\u00e0y d\u00e9p g\u1ed7,\u2026 \u00a0N\u1ed9i th\u1ea5t ph\u00f2ng ng\u1ee7: cung c\u1ea5p c\u00e1c ... Read more\" \/>\n<meta property=\"og:url\" content=\"https:\/\/noithattunam.com\/en\/tuyen-dung\/\" \/>\n<meta property=\"og:site_name\" content=\"T\u01b0 Nam\" \/>\n<meta property=\"og:image\" content=\"https:\/\/noithattunam.com\/wp-content\/uploads\/2022\/11\/z2676455062813_af5c3b2c39273b9f622fbdadd19a39af20.jpg\" \/>\n<meta name=\"twitter:card\" content=\"summary_large_image\" \/>\n<meta name=\"twitter:label1\" content=\"Est. reading time\" \/>\n\t<meta name=\"twitter:data1\" content=\"4 minutes\" \/>\n<script type=\"application\/ld+json\" class=\"yoast-schema-graph\">{\"@context\":\"https:\/\/schema.org\",\"@graph\":[{\"@type\":\"WebPage\",\"@id\":\"https:\/\/noithattunam.com\/en\/tuyen-dung\/\",\"url\":\"https:\/\/noithattunam.com\/en\/tuyen-dung\/\",\"name\":\"Tuy\u1ec3n d\u1ee5ng - T\u01b0 Nam\",\"isPartOf\":{\"@id\":\"https:\/\/noithattunam.com\/#website\"},\"datePublished\":\"2022-11-07T16:41:22+00:00\",\"dateModified\":\"2022-11-07T16:41:22+00:00\",\"breadcrumb\":{\"@id\":\"https:\/\/noithattunam.com\/en\/tuyen-dung\/#breadcrumb\"},\"inLanguage\":\"en\",\"potentialAction\":[{\"@type\":\"ReadAction\",\"target\":[\"https:\/\/noithattunam.com\/en\/tuyen-dung\/\"]}]},{\"@type\":\"BreadcrumbList\",\"@id\":\"https:\/\/noithattunam.com\/en\/tuyen-dung\/#breadcrumb\",\"itemListElement\":[{\"@type\":\"ListItem\",\"position\":1,\"name\":\"Home\",\"item\":\"https:\/\/noithattunam.com\/en\/\"},{\"@type\":\"ListItem\",\"position\":2,\"name\":\"Tuy\u1ec3n d\u1ee5ng\"}]},{\"@type\":\"WebSite\",\"@id\":\"https:\/\/noithattunam.com\/#website\",\"url\":\"https:\/\/noithattunam.com\/\",\"name\":\"T\u01b0 Nam\",\"description\":\"\",\"potentialAction\":[{\"@type\":\"SearchAction\",\"target\":{\"@type\":\"EntryPoint\",\"urlTemplate\":\"https:\/\/noithattunam.com\/?s={search_term_string}\"},\"query-input\":\"required name=search_term_string\"}],\"inLanguage\":\"en\"}]}<\/script>\n<!-- \/ Yoast SEO plugin. -->","yoast_head_json":{"title":"Tuy\u1ec3n d\u1ee5ng - T\u01b0 Nam","robots":{"index":"index","follow":"follow","max-snippet":"max-snippet:-1","max-image-preview":"max-image-preview:large","max-video-preview":"max-video-preview:-1"},"canonical":"https:\/\/noithattunam.com\/en\/tuyen-dung\/","og_locale":"en_US","og_type":"article","og_title":"Tuy\u1ec3n d\u1ee5ng - T\u01b0 Nam","og_description":"\u0110\u1ea1i l\u00fd ph\u00e2n ph\u1ed1i chuy\u00ean cung c\u1ea5p c\u00e1c m\u1eb7t h\u00e0ng n\u1ed9i th\u1ea5t \u0111\u1ed3 g\u1ed7 t\u1ef1 nhi\u00ean,n\u1ed9i th\u1ea5t gia \u0111\u00ecnh,n\u1ed9i th\u1ea5t v\u0103n ph\u00f2ng\u00a0 \u00a0Chuy\u00ean cung c\u1ea5p gi\u01b0\u1eddng g\u1ed7,t\u1ee7 qu\u1ea7n \u00e1o g\u1ed7, salon &#8211; sofa g\u1ed7 sang tr\u1ecdng, k\u1ec7 tivi g\u1ed7 cao c\u1ea5p, \u0111\u1ed3ng h\u1ed3 g\u1ed7, t\u1ee7 gi\u00e0y d\u00e9p g\u1ed7,\u2026 \u00a0N\u1ed9i th\u1ea5t ph\u00f2ng ng\u1ee7: cung c\u1ea5p c\u00e1c ... Read more","og_url":"https:\/\/noithattunam.com\/en\/tuyen-dung\/","og_site_name":"T\u01b0 Nam","og_image":[{"url":"https:\/\/noithattunam.com\/wp-content\/uploads\/2022\/11\/z2676455062813_af5c3b2c39273b9f622fbdadd19a39af20.jpg"}],"twitter_card":"summary_large_image","twitter_misc":{"Est. reading time":"4 minutes"},"schema":{"@context":"https:\/\/schema.org","@graph":[{"@type":"WebPage","@id":"https:\/\/noithattunam.com\/en\/tuyen-dung\/","url":"https:\/\/noithattunam.com\/en\/tuyen-dung\/","name":"Tuy\u1ec3n d\u1ee5ng - T\u01b0 Nam","isPartOf":{"@id":"https:\/\/noithattunam.com\/#website"},"datePublished":"2022-11-07T16:41:22+00:00","dateModified":"2022-11-07T16:41:22+00:00","breadcrumb":{"@id":"https:\/\/noithattunam.com\/en\/tuyen-dung\/#breadcrumb"},"inLanguage":"en","potentialAction":[{"@type":"ReadAction","target":["https:\/\/noithattunam.com\/en\/tuyen-dung\/"]}]},{"@type":"BreadcrumbList","@id":"https:\/\/noithattunam.com\/en\/tuyen-dung\/#breadcrumb","itemListElement":[{"@type":"ListItem","position":1,"name":"Home","item":"https:\/\/noithattunam.com\/en\/"},{"@type":"ListItem","position":2,"name":"Tuy\u1ec3n d\u1ee5ng"}]},{"@type":"WebSite","@id":"https:\/\/noithattunam.com\/#website","url":"https:\/\/noithattunam.com\/","name":"T\u01b0 Nam","description":"","potentialAction":[{"@type":"SearchAction","target":{"@type":"EntryPoint","urlTemplate":"https:\/\/noithattunam.com\/?s={search_term_string}"},"query-input":"required name=search_term_string"}],"inLanguage":"en"}]}},"_links":{"self":[{"href":"https:\/\/noithattunam.com\/en\/wp-json\/wp\/v2\/pages\/639"}],"collection":[{"href":"https:\/\/noithattunam.com\/en\/wp-json\/wp\/v2\/pages"}],"about":[{"href":"https:\/\/noithattunam.com\/en\/wp-json\/wp\/v2\/types\/page"}],"author":[{"embeddable":true,"href":"https:\/\/noithattunam.com\/en\/wp-json\/wp\/v2\/users\/1"}],"replies":[{"embeddable":true,"href":"https:\/\/noithattunam.com\/en\/wp-json\/wp\/v2\/comments?post=639"}],"version-history":[{"count":0,"href":"https:\/\/noithattunam.com\/en\/wp-json\/wp\/v2\/pages\/639\/revisions"}],"wp:attachment":[{"href":"https:\/\/noithattunam.com\/en\/wp-json\/wp\/v2\/media?parent=639"}],"curies":[{"name":"wp","href":"https:\/\/api.w.org\/{rel}","templated":true}]}}